{"id":1324,"date":"2023-01-12T18:44:35","date_gmt":"2023-01-12T18:44:35","guid":{"rendered":"https:\/\/garderiemontessori.ca\/?page_id=1324"},"modified":"2023-01-17T23:15:15","modified_gmt":"2023-01-17T23:15:15","slug":"montessori","status":"publish","type":"page","link":"https:\/\/garderiemontessori.ca\/fr\/montessori\/","title":{"rendered":"Montessori"},"content":{"rendered":"<div data-elementor-type=\"wp-page\" data-elementor-id=\"1324\" class=\"elementor elementor-1324\" data-elementor-post-type=\"page\">\n\t\t\t\t<div class=\"elementor-element elementor-element-f1ce2d4 e-flex e-con-boxed e-con e-parent\" data-id=\"f1ce2d4\" data-element_type=\"container\" data-e-type=\"container\">\n\t\t\t\t\t<div class=\"e-con-inner\">\n\t\t\t\t<div class=\"elementor-element elementor-element-799301f elementor-widget elementor-widget-heading\" data-id=\"799301f\" data-element_type=\"widget\" data-e-type=\"widget\" data-widget_type=\"heading.default\">\n\t\t\t\t<div class=\"elementor-widget-container\">\n\t\t\t\t\t<h2 class=\"elementor-heading-title elementor-size-default\">What is Montessori Education?<\/h2>\t\t\t\t<\/div>\n\t\t\t\t<\/div>\n\t\t\t\t<div class=\"elementor-element elementor-element-73c2203 elementor-widget elementor-widget-text-editor\" data-id=\"73c2203\" data-element_type=\"widget\" data-e-type=\"widget\" data-widget_type=\"text-editor.default\">\n\t\t\t\t<div class=\"elementor-widget-container\">\n\t\t\t\t\t\t\t\t\t<p>L'\u00e9ducation Montessori est une approche unique de l'apprentissage qui favorise l'expression personnelle, l'exploration ind\u00e9pendante et la r\u00e9solution cr\u00e9ative des probl\u00e8mes.<\/p><p>Elle est bas\u00e9e sur les enseignements de la m\u00e9decin, \u00e9ducatrice et innovatrice italienne Maria Montessori, et elle est pratiqu\u00e9e depuis plus de 100 ans.<\/p><p><b>Voici quelques aspects essentiels de l'\u00e9ducation Montessori : <\/b><\/p><ul><li>Les enfants sont encourag\u00e9s \u00e0 explorer leurs int\u00e9r\u00eats en participant \u00e0 des activit\u00e9s \u00e0 leur propre rythme.<\/li><li>Le renforcement positif et l'exp\u00e9rience du monde r\u00e9el guident l'apprentissage.<\/li><li>L'accent est mis sur l'utilisation de mat\u00e9riels pratiques pour faciliter la compr\u00e9hension et la d\u00e9couverte.<\/li><li>L'environnement encourage l'ind\u00e9pendance, le respect de soi et des autres, et la curiosit\u00e9 pour l'apprentissage.<\/li><li>Les \u00e9l\u00e8ves d\u00e9veloppent des relations significatives avec leurs camarades et leurs enseignants.<\/li><li>L'ind\u00e9pendance et l'interd\u00e9pendance sont \u00e9quilibr\u00e9es afin de favoriser une collaboration et un travail d'\u00e9quipe r\u00e9ussis.<\/li><\/ul>\t\t\t\t\t\t\t\t<\/div>\n\t\t\t\t<\/div>\n\t\t\t\t<div class=\"elementor-element elementor-element-ba6386b elementor-align-center elementor-widget elementor-widget-button\" data-id=\"ba6386b\" data-element_type=\"widget\" data-e-type=\"widget\" data-widget_type=\"button.default\">\n\t\t\t\t<div class=\"elementor-widget-container\">\n\t\t\t\t\t\t\t\t\t<div class=\"elementor-button-wrapper\">\n\t\t\t\t\t<a class=\"elementor-button elementor-button-link elementor-size-sm\" href=\"\/fr\/registration\/\">\n\t\t\t\t\t\t<span class=\"elementor-button-content-wrapper\">\n\t\t\t\t\t\t\t\t\t<span class=\"elementor-button-text\">Appliquer maintenant<\/span>\n\t\t\t\t\t<\/span>\n\t\t\t\t\t<\/a>\n\t\t\t\t<\/div>\n\t\t\t\t\t\t\t\t<\/div>\n\t\t\t\t<\/div>\n\t\t\t\t\t<\/div>\n\t\t\t\t<\/div>\n\t\t\t\t<\/div>","protected":false},"excerpt":{"rendered":"<p>What is Montessori Education? Montessori Education is a unique approach to learning that promotes self-expression, independent exploration, and creative problem solving. It is based on the teachings of the Italian physician, educator, and innovator Maria Montessori, and it has been in practice for over 100 years. Here are some key aspects of Montessori education: Children [&hellip;]<\/p>\n","protected":false},"author":1,"featured_media":0,"parent":0,"menu_order":0,"comment_status":"closed","ping_status":"closed","template":"","meta":{"site-sidebar-layout":"no-sidebar","site-content-layout":"page-builder","ast-site-content-layout":"default","site-content-style":"default","site-sidebar-style":"default","ast-global-header-display":"","ast-banner-title-visibility":"","ast-main-header-display":"","ast-hfb-above-header-display":"","ast-hfb-below-header-display":"","ast-hfb-mobile-header-display":"","site-post-title":"disabled","ast-breadcrumbs-content":"","ast-featured-img":"disabled","footer-sml-layout":"","ast-disable-related-posts":"","theme-transparent-header-meta":"","adv-header-id-meta":"","stick-header-meta":"","header-above-stick-meta":"","header-main-stick-meta":"","header-below-stick-meta":"","astra-migrate-meta-layouts":"default","ast-page-background-enabled":"default","ast-page-background-meta":{"desktop":{"background-color":"var(--ast-global-color-4)","background-image":"","background-repeat":"repeat","background-position":"center center","background-size":"auto","background-attachment":"scroll","background-type":"","background-media":"","overlay-type":"","overlay-color":"","overlay-opacity":"","overlay-gradient":""},"tablet":{"background-color":"","background-image":"","background-repeat":"repeat","background-position":"center center","background-size":"auto","background-attachment":"scroll","background-type":"","background-media":"","overlay-type":"","overlay-color":"","overlay-opacity":"","overlay-gradient":""},"mobile":{"background-color":"","background-image":"","background-repeat":"repeat","background-position":"center center","background-size":"auto","background-attachment":"scroll","background-type":"","background-media":"","overlay-type":"","overlay-color":"","overlay-opacity":"","overlay-gradient":""}},"ast-content-background-meta":{"desktop":{"background-color":"var(--ast-global-color-5)","background-image":"","background-repeat":"repeat","background-position":"center center","background-size":"auto","background-attachment":"scroll","background-type":"","background-media":"","overlay-type":"","overlay-color":"","overlay-opacity":"","overlay-gradient":""},"tablet":{"background-color":"var(--ast-global-color-5)","background-image":"","background-repeat":"repeat","background-position":"center center","background-size":"auto","background-attachment":"scroll","background-type":"","background-media":"","overlay-type":"","overlay-color":"","overlay-opacity":"","overlay-gradient":""},"mobile":{"background-color":"var(--ast-global-color-5)","background-image":"","background-repeat":"repeat","background-position":"center center","background-size":"auto","background-attachment":"scroll","background-type":"","background-media":"","overlay-type":"","overlay-color":"","overlay-opacity":"","overlay-gradient":""}},"footnotes":""},"class_list":["post-1324","page","type-page","status-publish","hentry"],"_links":{"self":[{"href":"https:\/\/garderiemontessori.ca\/fr\/wp-json\/wp\/v2\/pages\/1324","targetHints":{"allow":["GET"]}}],"collection":[{"href":"https:\/\/garderiemontessori.ca\/fr\/wp-json\/wp\/v2\/pages"}],"about":[{"href":"https:\/\/garderiemontessori.ca\/fr\/wp-json\/wp\/v2\/types\/page"}],"author":[{"embeddable":true,"href":"https:\/\/garderiemontessori.ca\/fr\/wp-json\/wp\/v2\/users\/1"}],"replies":[{"embeddable":true,"href":"https:\/\/garderiemontessori.ca\/fr\/wp-json\/wp\/v2\/comments?post=1324"}],"version-history":[{"count":10,"href":"https:\/\/garderiemontessori.ca\/fr\/wp-json\/wp\/v2\/pages\/1324\/revisions"}],"predecessor-version":[{"id":1510,"href":"https:\/\/garderiemontessori.ca\/fr\/wp-json\/wp\/v2\/pages\/1324\/revisions\/1510"}],"wp:attachment":[{"href":"https:\/\/garderiemontessori.ca\/fr\/wp-json\/wp\/v2\/media?parent=1324"}],"curies":[{"name":"wp","href":"https:\/\/api.w.org\/{rel}","templated":true}]}}