{"id":563,"date":"2023-01-05T14:56:36","date_gmt":"2023-01-05T14:56:36","guid":{"rendered":"https:\/\/garderiemontessori.ca\/?page_id=563"},"modified":"2023-01-13T08:16:58","modified_gmt":"2023-01-13T08:16:58","slug":"educational-staff","status":"publish","type":"page","link":"https:\/\/garderiemontessori.ca\/fr\/educational-staff\/","title":{"rendered":"Personnel \u00e9ducatif"},"content":{"rendered":"<div data-elementor-type=\"wp-page\" data-elementor-id=\"563\" class=\"elementor elementor-563\" data-elementor-post-type=\"page\">\n\t\t\t\t<div class=\"elementor-element elementor-element-2ab0fc6 e-flex e-con-boxed e-con e-parent\" data-id=\"2ab0fc6\" data-element_type=\"container\" data-e-type=\"container\">\n\t\t\t\t\t<div class=\"e-con-inner\">\n\t\t<div class=\"elementor-element elementor-element-acbac5f e-flex e-con-boxed e-con e-parent\" data-id=\"acbac5f\" data-element_type=\"container\" data-e-type=\"container\" data-settings=\"{&quot;background_background&quot;:&quot;classic&quot;}\">\n\t\t\t\t\t<div class=\"e-con-inner\">\n\t\t<div class=\"elementor-element elementor-element-d4a3f39 e-flex e-con-boxed e-con e-parent\" data-id=\"d4a3f39\" data-element_type=\"container\" data-e-type=\"container\">\n\t\t\t\t\t<div class=\"e-con-inner\">\n\t\t\t\t<div class=\"elementor-element elementor-element-0a3b9ae elementor-widget elementor-widget-text-editor\" data-id=\"0a3b9ae\" data-element_type=\"widget\" data-e-type=\"widget\" data-widget_type=\"text-editor.default\">\n\t\t\t\t<div class=\"elementor-widget-container\">\n\t\t\t\t\t\t\t\t\t<p>At Gaderie Montessori, we believe educators have an important role to play in the game &#8211; they explain what is going to happen, join the kids in their activities, and assist them in solving any problems that may arise. They are actively involved and help create a fun experience for everyone!<\/p><p>Our Care Giver&#8217;s goal is to help the kids develop independence and communication skills through fun activities, which encourages problem-solving and exploration. All of these benefits help create an enriching learning environment for them.<\/p><p>En outre, ils fournissent des conseils et un soutien aux enfants, en surveillant leurs activit\u00e9s tout en les aidant \u00e0 d\u00e9velopper leurs comp\u00e9tences et leur expertise. Nos \u00e9ducateurs sont des acteurs cl\u00e9s pour rendre les jeux amusants, attrayants et \u00e9ducatifs. Ils fournissent des conseils, expliquent les r\u00e8gles et participent aux activit\u00e9s avec les enfants, aidant \u00e0 r\u00e9soudre tout probl\u00e8me qui pourrait survenir.<\/p><p>Every month, a fresh and stimulating theme will be carefully selected for us to focus on, ensuring that there is never a dull moment. This helps to keep the children&#8217;s creative juices flowing and motivates them to stay engaged with the task at hand. For instance, in September, we may discuss Apples and Autumn, Pumpkin and Halloween in October, and Change of season could be the theme for November.<\/p>\t\t\t\t\t\t\t\t<\/div>\n\t\t\t\t<\/div>\n\t\t\t\t\t<\/div>\n\t\t\t\t<\/div>\n\t\t\t\t<div class=\"elementor-element elementor-element-a8e9beb elementor-widget elementor-widget-text-editor\" data-id=\"a8e9beb\" data-element_type=\"widget\" data-e-type=\"widget\" data-widget_type=\"text-editor.default\">\n\t\t\t\t<div class=\"elementor-widget-container\">\n\t\t\t\t\t\t\t\t\t<p>We abide strictly by the Ministry of Family and Seniors&#8217; rules. Our educators are also qualified according to the 3:2 ratio, certified by CPR, first aid and undergo police\u00a0background check.<\/p>\t\t\t\t\t\t\t\t<\/div>\n\t\t\t\t<\/div>\n\t\t\t\t\t<\/div>\n\t\t\t\t<\/div>\n\t\t\t\t\t<\/div>\n\t\t\t\t<\/div>\n\t\t\t\t<\/div>","protected":false},"excerpt":{"rendered":"<p>At Gaderie Montessori, we believe educators have an important role to play in the game &#8211; they explain what is going to happen, join the kids in their activities, and assist them in solving any problems that may arise. They are actively involved and help create a fun experience for everyone! Our Care Giver&#8217;s goal [&hellip;]<\/p>\n","protected":false},"author":1,"featured_media":0,"parent":0,"menu_order":0,"comment_status":"closed","ping_status":"closed","template":"","meta":{"site-sidebar-layout":"no-sidebar","site-content-layout":"page-builder","ast-site-content-layout":"default","site-content-style":"default","site-sidebar-style":"default","ast-global-header-display":"","ast-banner-title-visibility":"","ast-main-header-display":"","ast-hfb-above-header-display":"","ast-hfb-below-header-display":"","ast-hfb-mobile-header-display":"","site-post-title":"disabled","ast-breadcrumbs-content":"","ast-featured-img":"disabled","footer-sml-layout":"","ast-disable-related-posts":"","theme-transparent-header-meta":"","adv-header-id-meta":"","stick-header-meta":"","header-above-stick-meta":"","header-main-stick-meta":"","header-below-stick-meta":"","astra-migrate-meta-layouts":"default","ast-page-background-enabled":"default","ast-page-background-meta":{"desktop":{"background-color":"var(--ast-global-color-4)","background-image":"","background-repeat":"repeat","background-position":"center center","background-size":"auto","background-attachment":"scroll","background-type":"","background-media":"","overlay-type":"","overlay-color":"","overlay-opacity":"","overlay-gradient":""},"tablet":{"background-color":"","background-image":"","background-repeat":"repeat","background-position":"center center","background-size":"auto","background-attachment":"scroll","background-type":"","background-media":"","overlay-type":"","overlay-color":"","overlay-opacity":"","overlay-gradient":""},"mobile":{"background-color":"","background-image":"","background-repeat":"repeat","background-position":"center center","background-size":"auto","background-attachment":"scroll","background-type":"","background-media":"","overlay-type":"","overlay-color":"","overlay-opacity":"","overlay-gradient":""}},"ast-content-background-meta":{"desktop":{"background-color":"var(--ast-global-color-5)","background-image":"","background-repeat":"repeat","background-position":"center center","background-size":"auto","background-attachment":"scroll","background-type":"","background-media":"","overlay-type":"","overlay-color":"","overlay-opacity":"","overlay-gradient":""},"tablet":{"background-color":"var(--ast-global-color-5)","background-image":"","background-repeat":"repeat","background-position":"center center","background-size":"auto","background-attachment":"scroll","background-type":"","background-media":"","overlay-type":"","overlay-color":"","overlay-opacity":"","overlay-gradient":""},"mobile":{"background-color":"var(--ast-global-color-5)","background-image":"","background-repeat":"repeat","background-position":"center center","background-size":"auto","background-attachment":"scroll","background-type":"","background-media":"","overlay-type":"","overlay-color":"","overlay-opacity":"","overlay-gradient":""}},"footnotes":""},"class_list":["post-563","page","type-page","status-publish","hentry"],"_links":{"self":[{"href":"https:\/\/garderiemontessori.ca\/fr\/wp-json\/wp\/v2\/pages\/563","targetHints":{"allow":["GET"]}}],"collection":[{"href":"https:\/\/garderiemontessori.ca\/fr\/wp-json\/wp\/v2\/pages"}],"about":[{"href":"https:\/\/garderiemontessori.ca\/fr\/wp-json\/wp\/v2\/types\/page"}],"author":[{"embeddable":true,"href":"https:\/\/garderiemontessori.ca\/fr\/wp-json\/wp\/v2\/users\/1"}],"replies":[{"embeddable":true,"href":"https:\/\/garderiemontessori.ca\/fr\/wp-json\/wp\/v2\/comments?post=563"}],"version-history":[{"count":88,"href":"https:\/\/garderiemontessori.ca\/fr\/wp-json\/wp\/v2\/pages\/563\/revisions"}],"predecessor-version":[{"id":1453,"href":"https:\/\/garderiemontessori.ca\/fr\/wp-json\/wp\/v2\/pages\/563\/revisions\/1453"}],"wp:attachment":[{"href":"https:\/\/garderiemontessori.ca\/fr\/wp-json\/wp\/v2\/media?parent=563"}],"curies":[{"name":"wp","href":"https:\/\/api.w.org\/{rel}","templated":true}]}}